{"id":829,"date":"2023-08-03T14:46:20","date_gmt":"2023-08-03T11:46:20","guid":{"rendered":"https:\/\/retouch4me.oxem.dev\/ru\/?page_id=829"},"modified":"2023-08-22T13:19:03","modified_gmt":"2023-08-22T10:19:03","slug":"frequencyseparation","status":"publish","type":"page","link":"https:\/\/rmecms.hz.labs.retouch4.me\/pt\/free-services\/frequencyseparation\/","title":{"rendered":"Frequency Separation"},"content":{"rendered":"","protected":false},"excerpt":{"rendered":"","protected":false},"author":1,"featured_media":0,"parent":206,"menu_order":0,"comment_status":"closed","ping_status":"closed","template":"","meta":{"footnotes":""},"class_list":["post-829","page","type-page","status-publish","hentry","entry"],"acf":{"top_section":{"title":"Retouch4me Frequency Separation","description":"N\u00f3s criamos um plugin gratuito para separa\u00e7\u00e3o de frequ\u00eancia no Photoshop! Experimente agora mesmo!","background_image":835,"button_text":"Baixe o plugin Retouch4me Frequency Separation!","button_link":"https:\/\/retouch4.me\/productstore.php?productid=116"},"retouche_section":{"title":"O plugin Frequency Separation cria tr\u00eas camadas para retoque","image":836},"videos_section-ru":[{"subtitle":"\u041f\u043e\u0447\u0435\u043c\u0443 \u0432\u044b\u0431\u0438\u0440\u0430\u044e\u0442 Retouch4me","title":"\u041f\u043e\u0441\u043c\u043e\u0442\u0440\u0438\u0442\u0435 \u043e\u0431\u0437\u043e\u0440 \u043f\u043b\u0430\u0433\u0438\u043d\u0430 Retouch4me Frequency Separation","video_link":"https:\/\/www.youtube.com\/watch?v=aqVaVgTQzJA"},{"subtitle":"\u042d\u0442\u043e \u0432\u0441\u0451, \u0447\u0442\u043e \u0432\u0430\u043c \u043d\u0443\u0436\u043d\u043e \u0437\u043d\u0430\u0442\u044c","title":"\u041f\u043e\u043b\u043d\u043e\u0435 \u043f\u043e\u0434\u0440\u043e\u0431\u043d\u043e\u0435 \u0440\u0443\u043a\u043e\u0432\u043e\u0434\u0441\u0442\u0432\u043e \u043f\u043e \u0440\u0435\u0442\u0443\u0448\u0438 \u043c\u0435\u0442\u043e\u0434\u043e\u043c \u0447\u0430\u0441\u0442\u043e\u0442\u043d\u043e\u0433\u043e \u0440\u0430\u0437\u043b\u043e\u0436\u0435\u043d\u0438\u044f","video_link":"https:\/\/www.youtube.com\/watch?v=aqVaVgTQzJA"}],"videos_section-en":[{"subtitle":"Por que escolher o Retouch4me","title":"Confira a an\u00e1lise do plugin Retouch4me Frequency Separation","video_link":"https:\/\/www.youtube.com\/watch?v=eG5UAMuMMcA"}],"advantages_section":{"subtitle":"O melhor plugin que voc\u00ea j\u00e1 usou","title":"Benef\u00edcios de usar o plugin Frequency Separation","advantages":[{"icon":802,"title":"Economia de tempo","description":"Voc\u00ea n\u00e3o precisa criar manualmente camadas com frequ\u00eancias especificadas para retoque."},{"icon":804,"title":"Facilidade de uso","description":"Voc\u00ea pode visualmente selecionar as faixas de frequ\u00eancia adequadas para uma imagem espec\u00edfica."},{"icon":803,"title":"Qualidade","description":"Ap\u00f3s a separa\u00e7\u00e3o em camadas, a imagem \u00e9 recombinada sem qualquer altera\u00e7\u00e3o, ao contr\u00e1rio da maioria das a\u00e7\u00f5es semelhantes."},{"icon":805,"title":"Fluxo de trabalho","description":"Voc\u00ea pode separar a imagem em camadas para retoque manual ou processar diretamente a imagem, aumentando ou diminuindo a detalhe na faixa de frequ\u00eancia selecionada."},{"icon":837,"title":"Tecnologias","description":"A montagem \u00e9 controlada por um algoritmo especial para os modos de 8 e 16 bits, levando em considera\u00e7\u00e3o as peculiaridades da combina\u00e7\u00e3o de camadas no Photoshop."},{"icon":806,"title":"O plugin \u00e9 gratuito!","description":"Basta instal\u00e1-lo e aproveitar!"}]},"metatags":{"title":"Retouch4me Frequency Separation \u2014 - um plugin gratuito para separa\u00e7\u00e3o de frequ\u00eancia da Retouch4me","description":"Um plugin gratuito para separa\u00e7\u00e3o de frequ\u00eancia no Photoshop"}},"_links":{"self":[{"href":"https:\/\/rmecms.hz.labs.retouch4.me\/pt\/wp-json\/wp\/v2\/pages\/829","targetHints":{"allow":["GET"]}}],"collection":[{"href":"https:\/\/rmecms.hz.labs.retouch4.me\/pt\/wp-json\/wp\/v2\/pages"}],"about":[{"href":"https:\/\/rmecms.hz.labs.retouch4.me\/pt\/wp-json\/wp\/v2\/types\/page"}],"author":[{"embeddable":true,"href":"https:\/\/rmecms.hz.labs.retouch4.me\/pt\/wp-json\/wp\/v2\/users\/1"}],"replies":[{"embeddable":true,"href":"https:\/\/rmecms.hz.labs.retouch4.me\/pt\/wp-json\/wp\/v2\/comments?post=829"}],"version-history":[{"count":21,"href":"https:\/\/rmecms.hz.labs.retouch4.me\/pt\/wp-json\/wp\/v2\/pages\/829\/revisions"}],"predecessor-version":[{"id":1401,"href":"https:\/\/rmecms.hz.labs.retouch4.me\/pt\/wp-json\/wp\/v2\/pages\/829\/revisions\/1401"}],"up":[{"embeddable":true,"href":"https:\/\/rmecms.hz.labs.retouch4.me\/pt\/wp-json\/wp\/v2\/pages\/206"}],"wp:attachment":[{"href":"https:\/\/rmecms.hz.labs.retouch4.me\/pt\/wp-json\/wp\/v2\/media?parent=829"}],"curies":[{"name":"wp","href":"https:\/\/api.w.org\/{rel}","templated":true}]}}