{"id":791,"date":"2023-08-03T12:48:18","date_gmt":"2023-08-03T09:48:18","guid":{"rendered":"https:\/\/retouch4me.oxem.dev\/ru\/?page_id=791"},"modified":"2023-08-16T17:11:19","modified_gmt":"2023-08-16T14:11:19","slug":"testimonials","status":"publish","type":"page","link":"https:\/\/rmecms.hz.labs.retouch4.me\/pt\/testimonials\/","title":{"rendered":"Avalia\u00e7\u00f5es"},"content":{"rendered":"","protected":false},"excerpt":{"rendered":"","protected":false},"author":1,"featured_media":0,"parent":0,"menu_order":0,"comment_status":"closed","ping_status":"closed","template":"","meta":{"footnotes":""},"class_list":["post-791","page","type-page","status-publish","hentry","entry"],"acf":{"metatags":{"title":"Avalia\u00e7\u00f5es sobre os plugins Retouch4me","description":"O que os usu\u00e1rios e os portais de not\u00edcias est\u00e3o dizendo sobre o Retouch4me"},"reviews":{"subtitle":"O que os usu\u00e1rios est\u00e3o dizendo sobre n\u00f3s","title":"Avalia\u00e7\u00f5es dos plugins"},"media_reviews":{"subtitle":"O que a imprensa diz sobre n\u00f3s","title":"Men\u00e7\u00f5es na m\u00eddia"}},"_links":{"self":[{"href":"https:\/\/rmecms.hz.labs.retouch4.me\/pt\/wp-json\/wp\/v2\/pages\/791","targetHints":{"allow":["GET"]}}],"collection":[{"href":"https:\/\/rmecms.hz.labs.retouch4.me\/pt\/wp-json\/wp\/v2\/pages"}],"about":[{"href":"https:\/\/rmecms.hz.labs.retouch4.me\/pt\/wp-json\/wp\/v2\/types\/page"}],"author":[{"embeddable":true,"href":"https:\/\/rmecms.hz.labs.retouch4.me\/pt\/wp-json\/wp\/v2\/users\/1"}],"replies":[{"embeddable":true,"href":"https:\/\/rmecms.hz.labs.retouch4.me\/pt\/wp-json\/wp\/v2\/comments?post=791"}],"version-history":[{"count":12,"href":"https:\/\/rmecms.hz.labs.retouch4.me\/pt\/wp-json\/wp\/v2\/pages\/791\/revisions"}],"predecessor-version":[{"id":1367,"href":"https:\/\/rmecms.hz.labs.retouch4.me\/pt\/wp-json\/wp\/v2\/pages\/791\/revisions\/1367"}],"wp:attachment":[{"href":"https:\/\/rmecms.hz.labs.retouch4.me\/pt\/wp-json\/wp\/v2\/media?parent=791"}],"curies":[{"name":"wp","href":"https:\/\/api.w.org\/{rel}","templated":true}]}}