{"id":648,"date":"2023-08-01T15:59:41","date_gmt":"2023-08-01T12:59:41","guid":{"rendered":"https:\/\/retouch4me.oxem.dev\/ru\/?page_id=648"},"modified":"2023-08-28T18:12:58","modified_gmt":"2023-08-28T15:12:58","slug":"mattifier","status":"publish","type":"page","link":"https:\/\/rmecms.hz.labs.retouch4.me\/pt\/services\/mattifier\/","title":{"rendered":"Mattifier"},"content":{"rendered":"","protected":false},"excerpt":{"rendered":"","protected":false},"author":1,"featured_media":0,"parent":76,"menu_order":0,"comment_status":"closed","ping_status":"closed","template":"","meta":{"footnotes":""},"class_list":["post-648","page","type-page","status-publish","hentry","entry"],"acf":{"title":"Mattifier. Remo\u00e7\u00e3o r\u00e1pida de brilhos na pele","product-name":"Mattifier","description-for-index":"Remove rapidamente o brilho da pele.","price":"$124","buy-link":"https:\/\/retouch4.me\/productstore.php?productid=114","buy-link-text":"Comprar $124","product-image":649,"product-short-description":"O Retouch4me Mattifier encontra automaticamente as \u00e1reas brilhantes no rosto e as corrige.","mac-demo-link":"https:\/\/retouch4.me\/retouch4me_downloads_demo\/Retouch4me_Mattifier_Demo_Installer.pkg","windows-demo-link":"https:\/\/retouch4.me\/retouch4me_downloads_demo\/Retouch4me_Mattifier_Demo.exe","subtitle-features":"Por que escolher o Retouch4me","video-title":"Assista \u00e0 revis\u00e3o do plugin Retouch4me Mattifier","product-video-link-ru":"https:\/\/www.youtube.com\/watch?v=k-wGFAOVf1c","product-video-link-en":"https:\/\/www.youtube.com\/watch?v=ha7YZHjxSQk","product-features":[{"header":"Esque\u00e7a o brilho excessivo nas fotos","short-description":"O Retouch4me Mattifier encontra automaticamente as \u00e1reas brilhantes no rosto e as corrige.","before-image-1":651,"before-image-2":661,"after-image-1":650,"after-image-2":660},{"header":"Funciona como um len\u00e7o matificante","short-description":"Retouch4me Mattifier \u00e9 perfeito para sess\u00f5es com flash. Fotografias em est\u00fadio, fotografias noturnas, fotografias em ambientes com luz intensa - o plugin remove os reflexos no rosto!","before-image-1":656,"before-image-2":659,"after-image-1":655,"after-image-2":658},{"header":"Resultado com apenas um clique","short-description":"O Retouch4me Mattifier funciona perfeitamente em fotos de grupo! Voc\u00ea n\u00e3o precisa selecionar manualmente os rostos na foto antes do processamento! Imagine quanto tempo voc\u00ea economizar\u00e1 ao processar dezenas e centenas de fotos como essas!","before-image-1":653,"before-image-2":657,"after-image-1":652,"after-image-2":654}],"demo-title":"Mattifier Demonstra\u00e7\u00e3o","metatags":{"title":"Retouch4me Mattifier \u2014 um plugin baseado em redes neurais para remover reflexos do rosto em fotografias!","description":"Um plugin baseado em redes neurais para remover reflexos do rosto em fotografias"}},"_links":{"self":[{"href":"https:\/\/rmecms.hz.labs.retouch4.me\/pt\/wp-json\/wp\/v2\/pages\/648","targetHints":{"allow":["GET"]}}],"collection":[{"href":"https:\/\/rmecms.hz.labs.retouch4.me\/pt\/wp-json\/wp\/v2\/pages"}],"about":[{"href":"https:\/\/rmecms.hz.labs.retouch4.me\/pt\/wp-json\/wp\/v2\/types\/page"}],"author":[{"embeddable":true,"href":"https:\/\/rmecms.hz.labs.retouch4.me\/pt\/wp-json\/wp\/v2\/users\/1"}],"replies":[{"embeddable":true,"href":"https:\/\/rmecms.hz.labs.retouch4.me\/pt\/wp-json\/wp\/v2\/comments?post=648"}],"version-history":[{"count":22,"href":"https:\/\/rmecms.hz.labs.retouch4.me\/pt\/wp-json\/wp\/v2\/pages\/648\/revisions"}],"predecessor-version":[{"id":1526,"href":"https:\/\/rmecms.hz.labs.retouch4.me\/pt\/wp-json\/wp\/v2\/pages\/648\/revisions\/1526"}],"up":[{"embeddable":true,"href":"https:\/\/rmecms.hz.labs.retouch4.me\/pt\/wp-json\/wp\/v2\/pages\/76"}],"wp:attachment":[{"href":"https:\/\/rmecms.hz.labs.retouch4.me\/pt\/wp-json\/wp\/v2\/media?parent=648"}],"curies":[{"name":"wp","href":"https:\/\/api.w.org\/{rel}","templated":true}]}}