{"id":609,"date":"2023-08-01T15:33:26","date_gmt":"2023-08-01T12:33:26","guid":{"rendered":"https:\/\/retouch4me.oxem.dev\/ru\/?page_id=609"},"modified":"2023-08-28T18:13:56","modified_gmt":"2023-08-28T15:13:56","slug":"skinmask","status":"publish","type":"page","link":"https:\/\/rmecms.hz.labs.retouch4.me\/pt\/services\/skinmask\/","title":{"rendered":"Skin Mask"},"content":{"rendered":"","protected":false},"excerpt":{"rendered":"","protected":false},"author":1,"featured_media":0,"parent":76,"menu_order":0,"comment_status":"closed","ping_status":"closed","template":"","meta":{"footnotes":""},"class_list":["post-609","page","type-page","status-publish","hentry","entry"],"acf":{"title":"Skin Mask. Destaque de pele com um clique","product-name":"Skin Mask","description-for-index":"Destaca a pele em uma foto com apenas um clique.","price":"$124","buy-link":"https:\/\/retouch4.me\/productstore.php?productid=106","buy-link-text":"Comprar $124","product-image":632,"product-short-description":"O Retouch4me Skin Mask encontra automaticamente a pele nas fotos e cria uma m\u00e1scara.","mac-demo-link":"https:\/\/retouch4.me\/retouch4me_downloads_demo\/Retouch4me_Skin_Mask_Demo_Installer.pkg","windows-demo-link":"https:\/\/retouch4.me\/retouch4me_downloads_demo\/Retouch4me_Skin_Mask_Demo.exe","subtitle-features":"Por que escolher o Retouch4me","video-title":"Assista \u00e0 revis\u00e3o do plugin Retouch4me Skin Mask","product-video-link-ru":"https:\/\/www.youtube.com\/watch?v=mQdToDAX6rE","product-video-link-en":"https:\/\/www.youtube.com\/watch?v=kMF6wObB91U","product-feature-1":{"title":"M\u00e1scara r\u00e1pida para pele","short-description":"O Retouch4me Skin Mask encontra automaticamente a pele nas fotos e cria uma m\u00e1scara. Voc\u00ea pode destacar o rosto, a pele do corpo ou toda a pele em si.","original-image-1":634,"original-image-2":640,"face-image-1":630,"face-image-2":635,"body-image-1":631,"body-image-2":636,"full-image-1":633,"full-image-2":637},"product-features":[{"header":"Destaque do objeto principal","short-description":"Voc\u00ea pode \"iluminar\" o personagem principal em sua foto ou, ao contr\u00e1rio, dar-lhe uma apar\u00eancia dram\u00e1tica.","before-image-1":643,"before-image-2":644,"after-image-1":646,"after-image-2":645,"photoshop-image-1":626,"photoshop-image-2":629},{"header":"Resultados com apenas um clique","short-description":"Imagine quanto tempo voc\u00ea economizar\u00e1 ao processar dezenas e centenas de fotos como essas! Voc\u00ea n\u00e3o precisa destacar manualmente a pele na foto!","before-image-1":638,"before-image-2":641,"after-image-1":639,"after-image-2":642,"photoshop-image-1":628,"photoshop-image-2":627}],"demo-title":"Skin Mask Demonstra\u00e7\u00e3o","metatags":{"title":"Retouch4me Skin Mask para destacar rapidamente a pele em suas fotografias!","description":"Um plugin baseado em redes neurais para destacar automaticamente a pele em suas fotografias!"}},"_links":{"self":[{"href":"https:\/\/rmecms.hz.labs.retouch4.me\/pt\/wp-json\/wp\/v2\/pages\/609","targetHints":{"allow":["GET"]}}],"collection":[{"href":"https:\/\/rmecms.hz.labs.retouch4.me\/pt\/wp-json\/wp\/v2\/pages"}],"about":[{"href":"https:\/\/rmecms.hz.labs.retouch4.me\/pt\/wp-json\/wp\/v2\/types\/page"}],"author":[{"embeddable":true,"href":"https:\/\/rmecms.hz.labs.retouch4.me\/pt\/wp-json\/wp\/v2\/users\/1"}],"replies":[{"embeddable":true,"href":"https:\/\/rmecms.hz.labs.retouch4.me\/pt\/wp-json\/wp\/v2\/comments?post=609"}],"version-history":[{"count":22,"href":"https:\/\/rmecms.hz.labs.retouch4.me\/pt\/wp-json\/wp\/v2\/pages\/609\/revisions"}],"predecessor-version":[{"id":1528,"href":"https:\/\/rmecms.hz.labs.retouch4.me\/pt\/wp-json\/wp\/v2\/pages\/609\/revisions\/1528"}],"up":[{"embeddable":true,"href":"https:\/\/rmecms.hz.labs.retouch4.me\/pt\/wp-json\/wp\/v2\/pages\/76"}],"wp:attachment":[{"href":"https:\/\/rmecms.hz.labs.retouch4.me\/pt\/wp-json\/wp\/v2\/media?parent=609"}],"curies":[{"name":"wp","href":"https:\/\/api.w.org\/{rel}","templated":true}]}}