{"id":572,"date":"2023-08-01T15:30:09","date_gmt":"2023-08-01T12:30:09","guid":{"rendered":"https:\/\/retouch4me.oxem.dev\/ru\/?page_id=572"},"modified":"2023-08-28T18:12:38","modified_gmt":"2023-08-28T15:12:38","slug":"fabric","status":"publish","type":"page","link":"https:\/\/rmecms.hz.labs.retouch4.me\/pt\/services\/fabric\/","title":{"rendered":"Fabric"},"content":{"rendered":"","protected":false},"excerpt":{"rendered":"","protected":false},"author":1,"featured_media":0,"parent":76,"menu_order":0,"comment_status":"closed","ping_status":"closed","template":"","meta":{"footnotes":""},"class_list":["post-572","page","type-page","status-publish","hentry","entry"],"acf":{"title":"Fabric. Para suavizar rugas em tecidos","product-name":"Fabric","description-for-index":"Suaviza vincos em tecidos.","price":"$124","buy-link":"https:\/\/retouch4.me\/productstore.php?productid=105","buy-link-text":"Comprar $124","product-image":575,"product-short-description":"O Retouch4me Fabric encontra automaticamente a roupa na foto e suaviza as rugas.","mac-demo-link":"https:\/\/retouch4.me\/retouch4me_downloads_demo\/Retouch4me_Fabric_Demo_Installer.pkg","windows-demo-link":"https:\/\/retouch4.me\/retouch4me_downloads_demo\/Retouch4me_Fabric_Demo.exe","subtitle-features":"Por que escolher o Retouch4me","video-title":"Assista \u00e0 revis\u00e3o do plugin Retouch4me Fabric","product-video-link-ru":"https:\/\/www.youtube.com\/watch?v=YwC3DLj8x-o","product-video-link-en":"https:\/\/www.youtube.com\/watch?v=4iWWVe-dB-8","product-features":[{"header":"Suaviza\u00e7\u00e3o de roupas","short-description":"O Retouch4me Fabric encontra automaticamente a roupa na foto e suaviza as rugas.","before-image-1":583,"before-image-2":574,"after-image-1":582,"after-image-2":573},{"header":"Apar\u00eancia impec\u00e1vel","short-description":"O Retouch4me Fabric \u00e9 perfeito para sess\u00f5es de cat\u00e1logo. \u00c0s vezes, n\u00e3o h\u00e1 tempo para preparar toda a roupa para a sess\u00e3o de fotos. O plugin ajudar\u00e1 voc\u00ea a suavizar as rugas ap\u00f3s a sess\u00e3o!","before-image-1":581,"before-image-2":579,"after-image-1":580,"after-image-2":578},{"header":"Resultados com apenas um clique","short-description":"O Retouch4me Fabric funciona perfeitamente em fotos de grupo! Voc\u00ea n\u00e3o precisa selecionar manualmente a roupa na foto antes do processamento! Imagine s\u00f3 quanto tempo voc\u00ea economizaria ao processar dezenas e centenas de fotos como essas!","before-image-1":585,"before-image-2":577,"after-image-1":584,"after-image-2":576}],"demo-title":"Fabric Demonstra\u00e7\u00e3o","metatags":{"title":"Retouch4me Fabric \u00e9 um plugin baseado em redes neurais para suavizar rugas em tecidos nas suas fotografias!","description":"Um plugin baseado em redes neurais para suavizar rugas em tecidos nas suas fotografias!"}},"_links":{"self":[{"href":"https:\/\/rmecms.hz.labs.retouch4.me\/pt\/wp-json\/wp\/v2\/pages\/572","targetHints":{"allow":["GET"]}}],"collection":[{"href":"https:\/\/rmecms.hz.labs.retouch4.me\/pt\/wp-json\/wp\/v2\/pages"}],"about":[{"href":"https:\/\/rmecms.hz.labs.retouch4.me\/pt\/wp-json\/wp\/v2\/types\/page"}],"author":[{"embeddable":true,"href":"https:\/\/rmecms.hz.labs.retouch4.me\/pt\/wp-json\/wp\/v2\/users\/1"}],"replies":[{"embeddable":true,"href":"https:\/\/rmecms.hz.labs.retouch4.me\/pt\/wp-json\/wp\/v2\/comments?post=572"}],"version-history":[{"count":23,"href":"https:\/\/rmecms.hz.labs.retouch4.me\/pt\/wp-json\/wp\/v2\/pages\/572\/revisions"}],"predecessor-version":[{"id":1524,"href":"https:\/\/rmecms.hz.labs.retouch4.me\/pt\/wp-json\/wp\/v2\/pages\/572\/revisions\/1524"}],"up":[{"embeddable":true,"href":"https:\/\/rmecms.hz.labs.retouch4.me\/pt\/wp-json\/wp\/v2\/pages\/76"}],"wp:attachment":[{"href":"https:\/\/rmecms.hz.labs.retouch4.me\/pt\/wp-json\/wp\/v2\/media?parent=572"}],"curies":[{"name":"wp","href":"https:\/\/api.w.org\/{rel}","templated":true}]}}