{"id":556,"date":"2023-08-01T15:05:23","date_gmt":"2023-08-01T12:05:23","guid":{"rendered":"https:\/\/retouch4me.oxem.dev\/ru\/?page_id=556"},"modified":"2023-08-28T18:14:14","modified_gmt":"2023-08-28T15:14:14","slug":"whiteteeth","status":"publish","type":"page","link":"https:\/\/rmecms.hz.labs.retouch4.me\/pt\/services\/whiteteeth\/","title":{"rendered":"White Teeth"},"content":{"rendered":"","protected":false},"excerpt":{"rendered":"","protected":false},"author":1,"featured_media":0,"parent":76,"menu_order":0,"comment_status":"closed","ping_status":"closed","template":"","meta":{"footnotes":""},"class_list":["post-556","page","type-page","status-publish","hentry","entry"],"acf":{"title":"White Teeth. Para sorrisos brancos como a neve","product-name":"White Teeth","description-for-index":"Deixa o seu sorriso branco como neve.","price":"$124","buy-link":"https:\/\/retouch4.me\/productstore.php?productid=110","buy-link-text":"Comprar $124","product-image":557,"product-short-description":"O Retouch4me White Teeth encontra automaticamente os dentes na foto e os clareia.","mac-demo-link":"https:\/\/retouch4.me\/retouch4me_downloads_demo\/Retouch4me_White_Teeth_Demo_Installer.pkg","windows-demo-link":"https:\/\/retouch4.me\/retouch4me_downloads_demo\/Retouch4me_White_Teeth_Demo.exe","subtitle-features":"Por que escolher o Retouch4me","video-title":"Assista \u00e0 revis\u00e3o do plugin Retouch4me White Teeth","product-video-link-ru":"https:\/\/www.youtube.com\/watch?v=Vo9PmsDqHH4","product-video-link-en":"https:\/\/www.youtube.com\/watch?v=GsINnO9THPg","product-features":[{"header":"Branqueamento dent\u00e1rio","short-description":"O Retouch4me White Teeth encontra automaticamente os dentes na foto e os clareia.","before-image-1":565,"before-image-2":562,"after-image-1":564,"after-image-2":563},{"header":"Corre\u00e7\u00e3o de cor ap\u00f3s tonaliza\u00e7\u00e3o","short-description":"Muitas vezes, depois de aplicar tonalidades quentes em fotos, os dentes ficam amarelados. O Retouch4me White Teeth traz a brancura de volta aos dentes. Ele funciona at\u00e9 em retratos em grupo!","before-image-1":558,"before-image-2":567,"after-image-1":559,"after-image-2":566},{"header":"Resultados com apenas um clique","short-description":"Voc\u00ea n\u00e3o precisa destacar os dentes na foto antes do processamento! Todo o retoque \u00e9 feito automaticamente! Imagine s\u00f3 quanto tempo voc\u00ea economizaria ao processar dezenas e centenas de fotos como essas!","before-image-1":568,"before-image-2":560,"after-image-1":569,"after-image-2":561}],"demo-title":"White Teeth Demonstra\u00e7\u00e3o","metatags":{"title":"Retouch4me White Teeth \u2014 um plugin baseado em redes neurais para clareamento dos dentes em fotos","description":"O Retouch4me White Teeth \u00e9 um plugin baseado em redes neurais que cria um sorriso branco como a neve em fotos"}},"_links":{"self":[{"href":"https:\/\/rmecms.hz.labs.retouch4.me\/pt\/wp-json\/wp\/v2\/pages\/556","targetHints":{"allow":["GET"]}}],"collection":[{"href":"https:\/\/rmecms.hz.labs.retouch4.me\/pt\/wp-json\/wp\/v2\/pages"}],"about":[{"href":"https:\/\/rmecms.hz.labs.retouch4.me\/pt\/wp-json\/wp\/v2\/types\/page"}],"author":[{"embeddable":true,"href":"https:\/\/rmecms.hz.labs.retouch4.me\/pt\/wp-json\/wp\/v2\/users\/1"}],"replies":[{"embeddable":true,"href":"https:\/\/rmecms.hz.labs.retouch4.me\/pt\/wp-json\/wp\/v2\/comments?post=556"}],"version-history":[{"count":23,"href":"https:\/\/rmecms.hz.labs.retouch4.me\/pt\/wp-json\/wp\/v2\/pages\/556\/revisions"}],"predecessor-version":[{"id":1530,"href":"https:\/\/rmecms.hz.labs.retouch4.me\/pt\/wp-json\/wp\/v2\/pages\/556\/revisions\/1530"}],"up":[{"embeddable":true,"href":"https:\/\/rmecms.hz.labs.retouch4.me\/pt\/wp-json\/wp\/v2\/pages\/76"}],"wp:attachment":[{"href":"https:\/\/rmecms.hz.labs.retouch4.me\/pt\/wp-json\/wp\/v2\/media?parent=556"}],"curies":[{"name":"wp","href":"https:\/\/api.w.org\/{rel}","templated":true}]}}