{"id":540,"date":"2023-08-01T15:00:35","date_gmt":"2023-08-01T12:00:35","guid":{"rendered":"https:\/\/retouch4me.oxem.dev\/ru\/?page_id=540"},"modified":"2023-08-28T18:14:05","modified_gmt":"2023-08-28T15:14:05","slug":"skintone","status":"publish","type":"page","link":"https:\/\/rmecms.hz.labs.retouch4.me\/pt\/services\/skintone\/","title":{"rendered":"Skin Tone"},"content":{"rendered":"","protected":false},"excerpt":{"rendered":"","protected":false},"author":1,"featured_media":0,"parent":76,"menu_order":0,"comment_status":"closed","ping_status":"closed","template":"","meta":{"footnotes":""},"class_list":["post-540","page","type-page","status-publish","hentry","entry"],"acf":{"title":"Skin Tone. Equaliza o tom da pele","product-name":"Skin Tone","description-for-index":"Suaviza o tom da pele, eliminando o vermelho.","price":"$124","buy-link":"https:\/\/retouch4.me\/productstore.php?productid=106","buy-link-text":"Comprar $124","product-image":547,"product-short-description":"O Retouch4me Skin Tone detecta automaticamente o tom m\u00e9dio da pele e ajusta a cor da pele de acordo com esse tom.","mac-demo-link":"https:\/\/retouch4.me\/retouch4me_downloads_demo\/Retouch4me_Skin_Tone_Demo_Installer.pkg","windows-demo-link":"https:\/\/retouch4.me\/retouch4me_downloads_demo\/Retouch4me_Skin_Tone_Demo.exe","subtitle-features":"Por que escolher o Retouch4me","video-title":"Assista \u00e0 revis\u00e3o do plugin Retouch4me Skin Tone","product-video-link-ru":"https:\/\/www.youtube.com\/watch?v=UNqfYNqOwlk","product-video-link-en":"https:\/\/www.youtube.com\/watch?v=uA_HHVxfPVw","product-features":[{"header":"Equaliza\u00e7\u00e3o do tom da pele","short-description":"O Retouch4me Skin Tone encontra automaticamente as \u00e1reas abertas da pele na fotografia, identifica o tom m\u00e9dio da pele e ajusta a cor da pele de acordo com esse tom.","before-image-1":550,"before-image-2":552,"after-image-1":553,"after-image-2":551},{"header":"Corre\u00e7\u00e3o de tons avermelhados nas m\u00e3os","short-description":"O Retouch4me Skin Tone suaviza n\u00e3o apenas a cor da pele no rosto, mas tamb\u00e9m corrige o tom em \u00e1reas abertas do corpo.","before-image-1":542,"before-image-2":544,"after-image-1":541,"after-image-2":543},{"header":"Resultado com um \u00fanico clique","short-description":"O tom frio da pele se torna mais quente e os tons roxos desaparecem! N\u00e3o \u00e9 necess\u00e1rio mascarar outras \u00e1reas da imagem. Imagine o tempo que voc\u00ea economizar\u00e1 ao processar dezenas ou centenas de fotos como essas!","before-image-1":549,"before-image-2":546,"after-image-1":548,"after-image-2":545}],"demo-title":"Skin Tone Demonstra\u00e7\u00e3o","metatags":{"title":"Retouch4me Skin Tone \u2014 um plugin baseado em redes neurais para equalizar o tom da pele em fotografias","description":"Equaliza o tom da pele"}},"_links":{"self":[{"href":"https:\/\/rmecms.hz.labs.retouch4.me\/pt\/wp-json\/wp\/v2\/pages\/540","targetHints":{"allow":["GET"]}}],"collection":[{"href":"https:\/\/rmecms.hz.labs.retouch4.me\/pt\/wp-json\/wp\/v2\/pages"}],"about":[{"href":"https:\/\/rmecms.hz.labs.retouch4.me\/pt\/wp-json\/wp\/v2\/types\/page"}],"author":[{"embeddable":true,"href":"https:\/\/rmecms.hz.labs.retouch4.me\/pt\/wp-json\/wp\/v2\/users\/1"}],"replies":[{"embeddable":true,"href":"https:\/\/rmecms.hz.labs.retouch4.me\/pt\/wp-json\/wp\/v2\/comments?post=540"}],"version-history":[{"count":23,"href":"https:\/\/rmecms.hz.labs.retouch4.me\/pt\/wp-json\/wp\/v2\/pages\/540\/revisions"}],"predecessor-version":[{"id":1529,"href":"https:\/\/rmecms.hz.labs.retouch4.me\/pt\/wp-json\/wp\/v2\/pages\/540\/revisions\/1529"}],"up":[{"embeddable":true,"href":"https:\/\/rmecms.hz.labs.retouch4.me\/pt\/wp-json\/wp\/v2\/pages\/76"}],"wp:attachment":[{"href":"https:\/\/rmecms.hz.labs.retouch4.me\/pt\/wp-json\/wp\/v2\/media?parent=540"}],"curies":[{"name":"wp","href":"https:\/\/api.w.org\/{rel}","templated":true}]}}