{"id":524,"date":"2023-08-01T14:37:49","date_gmt":"2023-08-01T11:37:49","guid":{"rendered":"https:\/\/retouch4me.oxem.dev\/ru\/?page_id=524"},"modified":"2023-08-28T18:11:38","modified_gmt":"2023-08-28T15:11:38","slug":"cleanbackdrop","status":"publish","type":"page","link":"https:\/\/rmecms.hz.labs.retouch4.me\/pt\/services\/cleanbackdrop\/","title":{"rendered":"Clean Backdrop"},"content":{"rendered":"","protected":false},"excerpt":{"rendered":"","protected":false},"author":1,"featured_media":0,"parent":76,"menu_order":0,"comment_status":"closed","ping_status":"closed","template":"","meta":{"footnotes":""},"class_list":["post-524","page","type-page","status-publish","hentry","entry"],"acf":{"title":"Clean Backdrop. Fundo de est\u00fadio limpo com um clique","product-name":"Clean Backdrop","description-for-index":"O Retouch4me Clean Backdrop detecta automaticamente sujeira, pequenos vincos e poeira na matriz da c\u00e2mera, removendo-os do fundo de est\u00fadio.","price":"$149","buy-link":"https:\/\/retouch4.me\/productstore.php?productid=108","buy-link-text":"Comprar $149","product-image":525,"product-short-description":"O Retouch4me Clean Backdrop detecta automaticamente sujeira, rugas sutis e poeira do sensor da c\u00e2mera e remove-os de um fundo de est\u00fadio uniforme.","mac-demo-link":"https:\/\/retouch4.me\/retouch4me_downloads_demo\/Retouch4me_Clean_Backdrop_Demo_Installer.pkg","windows-demo-link":"https:\/\/retouch4.me\/retouch4me_downloads_demo\/Retouch4me_Clean_Backdrop_Demo.exe","subtitle-features":"Por que escolher o Retouch4me","video-title":"Assista \u00e0 revis\u00e3o do plugin Retouch4me Clean Backdrop","product-video-link-ru":"https:\/\/www.youtube.com\/watch?v=KR5d8bCRv0M","product-video-link-en":"https:\/\/www.youtube.com\/watch?v=TYSdxfjmNZ4","product-features":[{"header":"Remove sujeira, vincos e vest\u00edgios de poeira na matriz","short-description":"O Retouch4me Clean Backdrop detecta automaticamente sujeira, rugas sutis e poeira do sensor da c\u00e2mera e remove-os de um fundo de est\u00fadio uniforme. O plugin n\u00e3o pinta tudo com uma \u00fanica cor, mas remove apenas a sujeira!","before-image-1":537,"before-image-2":533,"after-image-1":534,"after-image-2":532},{"header":"Preserva o fundo de forma natural","short-description":"As sombras dos objetos permanecem intactas, como se tivessem sido capturadas em um fundo completamente limpo! Isso real\u00e7a a naturalidade da foto.","before-image-1":530,"before-image-2":531,"after-image-1":528,"after-image-2":529},{"header":"Resultado com apenas um clique","short-description":"Se voc\u00ea fotografa em est\u00fadio, faz fotografia de cat\u00e1logo, imagine quanto tempo o plugin Retouch4me Clean Backdrop pode economizar! Esse tipo de retoque \u00e9 dif\u00edcil de ser realizado manualmente, mas o plugin faz isso perfeitamente.","before-image-1":536,"before-image-2":535,"after-image-1":527,"after-image-2":526}],"demo-title":"Clean Backdrop Demonstra\u00e7\u00e3o","metatags":{"title":"Retouch4me Clean Backdrop \u2014 um plugin baseado em redes neurais para limpeza de fundos de est\u00fadio","description":"Plugin baseado em redes neurais para retocar fundos de est\u00fadio"}},"_links":{"self":[{"href":"https:\/\/rmecms.hz.labs.retouch4.me\/pt\/wp-json\/wp\/v2\/pages\/524","targetHints":{"allow":["GET"]}}],"collection":[{"href":"https:\/\/rmecms.hz.labs.retouch4.me\/pt\/wp-json\/wp\/v2\/pages"}],"about":[{"href":"https:\/\/rmecms.hz.labs.retouch4.me\/pt\/wp-json\/wp\/v2\/types\/page"}],"author":[{"embeddable":true,"href":"https:\/\/rmecms.hz.labs.retouch4.me\/pt\/wp-json\/wp\/v2\/users\/1"}],"replies":[{"embeddable":true,"href":"https:\/\/rmecms.hz.labs.retouch4.me\/pt\/wp-json\/wp\/v2\/comments?post=524"}],"version-history":[{"count":25,"href":"https:\/\/rmecms.hz.labs.retouch4.me\/pt\/wp-json\/wp\/v2\/pages\/524\/revisions"}],"predecessor-version":[{"id":1519,"href":"https:\/\/rmecms.hz.labs.retouch4.me\/pt\/wp-json\/wp\/v2\/pages\/524\/revisions\/1519"}],"up":[{"embeddable":true,"href":"https:\/\/rmecms.hz.labs.retouch4.me\/pt\/wp-json\/wp\/v2\/pages\/76"}],"wp:attachment":[{"href":"https:\/\/rmecms.hz.labs.retouch4.me\/pt\/wp-json\/wp\/v2\/media?parent=524"}],"curies":[{"name":"wp","href":"https:\/\/api.w.org\/{rel}","templated":true}]}}