{"id":508,"date":"2023-08-01T14:28:11","date_gmt":"2023-08-01T11:28:11","guid":{"rendered":"https:\/\/retouch4me.oxem.dev\/ru\/?page_id=508"},"modified":"2023-08-28T18:13:08","modified_gmt":"2023-08-28T15:13:08","slug":"portraitvolumes","status":"publish","type":"page","link":"https:\/\/rmecms.hz.labs.retouch4.me\/pt\/services\/portraitvolumes\/","title":{"rendered":"Portrait Volumes"},"content":{"rendered":"","protected":false},"excerpt":{"rendered":"","protected":false},"author":1,"featured_media":0,"parent":76,"menu_order":0,"comment_status":"closed","ping_status":"closed","template":"","meta":{"footnotes":""},"class_list":["post-508","page","type-page","status-publish","hentry","entry"],"acf":{"title":"Portrait Volumes. Aumentando o sentido de profundidade em retratos","product-name":"Portrait Volumes","description-for-index":"O plugin automaticamente adiciona volume aos retratos, iluminando e escurecendo diferentes \u00e1reas da foto.","price":"$124","buy-link":"https:\/\/retouch4.me\/productstore.php?productid=107","buy-link-text":"Comprar $124","product-image":511,"product-short-description":"O Retouch4me Portrait Volumes aumenta automaticamente o senso de profundidade em retratos.","mac-demo-link":"https:\/\/retouch4.me\/retouch4me_downloads_demo\/Retouch4me_Portrait_Volumes_Demo_Installer.pkg","windows-demo-link":"https:\/\/retouch4.me\/retouch4me_downloads_demo\/Retouch4me_Portrait_Volumes_Demo.exe","subtitle-features":"Por que escolher o Retouch4me","video-title":"Assista \u00e0 revis\u00e3o do plugin Retouch4me Portrait Volumes","product-video-link-ru":"https:\/\/www.youtube.com\/watch?v=r1R-SgGecwA","product-video-link-en":"https:\/\/www.youtube.com\/watch?v=8l-7vb6Ltao","product-features":[{"header":"Efeito 3D","short-description":"O Retouch4me Portrait Volumes aumenta automaticamente o sentido de profundidade em retratos. Ele ilumina os olhos, destaca os l\u00e1bios, o nariz e delineia o contorno do rosto.","before-image-1":509,"before-image-2":519,"after-image-1":510,"after-image-2":514},{"header":"Retratos com ilumina\u00e7\u00e3o suave","short-description":"Criar volume em um retrato manualmente \u00e9 uma tarefa dif\u00edcil, mesmo para um retocador experiente. O Portrait Volumes \u00e9 perfeito para retratos com ilumina\u00e7\u00e3o uniforme, aumentando o volume visual.","before-image-1":512,"before-image-2":515,"after-image-1":513,"after-image-2":516},{"header":"Resultado com apenas um clique","short-description":"Quanto tempo voc\u00ea costuma gastar com esse tipo de retoque? Imagine quanto tempo voc\u00ea economizaria se precisasse processar dezenas ou centenas de fotos! O plugin Retouch4me Portrait Volumes faz isso automaticamente!","before-image-1":517,"before-image-2":521,"after-image-1":518,"after-image-2":520}],"demo-title":"Portrait Volumes Demonstra\u00e7\u00e3o","metatags":{"title":"Retouch4me Portrait Volumes \u2014 um plugin baseado em redes neurais para aumentar o volume visual de retratos","description":"Plugin baseado em redes neurais para aumentar o volume visual de retratos"}},"_links":{"self":[{"href":"https:\/\/rmecms.hz.labs.retouch4.me\/pt\/wp-json\/wp\/v2\/pages\/508","targetHints":{"allow":["GET"]}}],"collection":[{"href":"https:\/\/rmecms.hz.labs.retouch4.me\/pt\/wp-json\/wp\/v2\/pages"}],"about":[{"href":"https:\/\/rmecms.hz.labs.retouch4.me\/pt\/wp-json\/wp\/v2\/types\/page"}],"author":[{"embeddable":true,"href":"https:\/\/rmecms.hz.labs.retouch4.me\/pt\/wp-json\/wp\/v2\/users\/1"}],"replies":[{"embeddable":true,"href":"https:\/\/rmecms.hz.labs.retouch4.me\/pt\/wp-json\/wp\/v2\/comments?post=508"}],"version-history":[{"count":24,"href":"https:\/\/rmecms.hz.labs.retouch4.me\/pt\/wp-json\/wp\/v2\/pages\/508\/revisions"}],"predecessor-version":[{"id":1527,"href":"https:\/\/rmecms.hz.labs.retouch4.me\/pt\/wp-json\/wp\/v2\/pages\/508\/revisions\/1527"}],"up":[{"embeddable":true,"href":"https:\/\/rmecms.hz.labs.retouch4.me\/pt\/wp-json\/wp\/v2\/pages\/76"}],"wp:attachment":[{"href":"https:\/\/rmecms.hz.labs.retouch4.me\/pt\/wp-json\/wp\/v2\/media?parent=508"}],"curies":[{"name":"wp","href":"https:\/\/api.w.org\/{rel}","templated":true}]}}