{"id":490,"date":"2023-08-01T14:10:51","date_gmt":"2023-08-01T11:10:51","guid":{"rendered":"https:\/\/retouch4me.oxem.dev\/ru\/?page_id=490"},"modified":"2023-08-28T18:12:18","modified_gmt":"2023-08-28T15:12:18","slug":"eyebrilliance","status":"publish","type":"page","link":"https:\/\/rmecms.hz.labs.retouch4.me\/pt\/services\/eyebrilliance\/","title":{"rendered":"Eye Brilliance"},"content":{"rendered":"","protected":false},"excerpt":{"rendered":"","protected":false},"author":1,"featured_media":0,"parent":76,"menu_order":0,"comment_status":"closed","ping_status":"closed","template":"","meta":{"footnotes":""},"class_list":["post-490","page","type-page","status-publish","hentry","entry"],"acf":{"title":"Eye Brilliance. Para criar olhos expressivos","product-name":"Eye Brilliance","description-for-index":"Para olhos expressivos.","price":"$124","buy-link":"https:\/\/retouch4.me\/productstore.php?productid=104","buy-link-text":"Comprar $124","product-image":500,"product-short-description":"O Retouch4me Eye Brilliance encontra automaticamente os olhos na foto e os retoca usando a t\u00e9cnica Dodge&Burn.","mac-demo-link":"https:\/\/retouch4.me\/retouch4me_downloads_demo\/Retouch4me_Eyes_Bundle_Demo_Installer.pkg","windows-demo-link":"https:\/\/retouch4.me\/retouch4me_downloads_demo\/Retouch4me_Eyes_Bundle_Demo.exe","subtitle-features":"Por que escolher o Retouch4me","video-title":"Assista \u00e0 revis\u00e3o do plugin Retouch4me Eye Brilliance","product-video-link-ru":"https:\/\/www.youtube.com\/watch?v=oNy04OpWfk8","product-video-link-en":"https:\/\/www.youtube.com\/watch?v=kDcz6G-BqFE","product-feature-2":{"title":"M\u00e1scara dos olhos","short-description":"O plugin Retouch4me Eye Brilliance pode automaticamente criar uma m\u00e1scara ao redor dos olhos e salv\u00e1-la em uma camada separada. Voc\u00ea pode usar essa camada para aumentar a nitidez nos olhos.","before-image-1":491,"before-image-2":495,"after-image-1":492,"after-image-2":496,"mask-image-1":503,"mask-image-2":502},"product-features":[{"header":"Olhares expressivos","short-description":"O Retouch4me Eye Brilliance encontra automaticamente os olhos na foto e os retoca usando a t\u00e9cnica Dodge&Burn, real\u00e7ando os olhos e atraindo a aten\u00e7\u00e3o do espectador.","before-image-1":494,"before-image-2":497,"after-image-1":493,"after-image-2":498},{"header":"Resultado com apenas um clique","short-description":"O Retouch4me Eye Brilliance funciona perfeitamente em retratos em grupo! Apenas imagine quanto tempo voc\u00ea gastaria se precisasse processar dezenas de fotos!","before-image-1":504,"before-image-2":499,"after-image-1":505,"after-image-2":501}],"demo-title":"Eye Brilliance Demonstra\u00e7\u00e3o","metatags":{"title":"Retouch4me Eye Brilliance \u2014 um plugin baseado em redes neurais para retoque dos olhos","description":"Plugin de intelig\u00eancia artificial para retoque de olhos"}},"_links":{"self":[{"href":"https:\/\/rmecms.hz.labs.retouch4.me\/pt\/wp-json\/wp\/v2\/pages\/490","targetHints":{"allow":["GET"]}}],"collection":[{"href":"https:\/\/rmecms.hz.labs.retouch4.me\/pt\/wp-json\/wp\/v2\/pages"}],"about":[{"href":"https:\/\/rmecms.hz.labs.retouch4.me\/pt\/wp-json\/wp\/v2\/types\/page"}],"author":[{"embeddable":true,"href":"https:\/\/rmecms.hz.labs.retouch4.me\/pt\/wp-json\/wp\/v2\/users\/1"}],"replies":[{"embeddable":true,"href":"https:\/\/rmecms.hz.labs.retouch4.me\/pt\/wp-json\/wp\/v2\/comments?post=490"}],"version-history":[{"count":25,"href":"https:\/\/rmecms.hz.labs.retouch4.me\/pt\/wp-json\/wp\/v2\/pages\/490\/revisions"}],"predecessor-version":[{"id":1522,"href":"https:\/\/rmecms.hz.labs.retouch4.me\/pt\/wp-json\/wp\/v2\/pages\/490\/revisions\/1522"}],"up":[{"embeddable":true,"href":"https:\/\/rmecms.hz.labs.retouch4.me\/pt\/wp-json\/wp\/v2\/pages\/76"}],"wp:attachment":[{"href":"https:\/\/rmecms.hz.labs.retouch4.me\/pt\/wp-json\/wp\/v2\/media?parent=490"}],"curies":[{"name":"wp","href":"https:\/\/api.w.org\/{rel}","templated":true}]}}