{"id":474,"date":"2023-08-01T14:02:01","date_gmt":"2023-08-01T11:02:01","guid":{"rendered":"https:\/\/retouch4me.oxem.dev\/ru\/?page_id=474"},"modified":"2023-08-28T18:12:29","modified_gmt":"2023-08-28T15:12:29","slug":"eyevessels","status":"publish","type":"page","link":"https:\/\/rmecms.hz.labs.retouch4.me\/pt\/services\/eyevessels\/","title":{"rendered":"Eye Vessels"},"content":{"rendered":"","protected":false},"excerpt":{"rendered":"","protected":false},"author":1,"featured_media":0,"parent":76,"menu_order":0,"comment_status":"closed","ping_status":"closed","template":"","meta":{"footnotes":""},"class_list":["post-474","page","type-page","status-publish","hentry","entry"],"acf":{"title":"Eye Vessels. Remo\u00e7\u00e3o de vasos sangu\u00edneos e vermelhid\u00e3o nos olhos","product-name":"Eye Vessels","description-for-index":"O plugin automaticamente remove vasos sangu\u00edneos vermelhos e outras vermelhid\u00f5es, deixando os olhos perfeitos.","price":"$124","buy-link":"https:\/\/retouch4.me\/productstore.php?productid=104","buy-link-text":"Comprar $124","product-image":475,"product-short-description":"O Retouch4me Eye Vessels remove automaticamente os vasos sangu\u00edneos e a vermelhid\u00e3o dos olhos.","mac-demo-link":"https:\/\/retouch4.me\/retouch4me_downloads_demo\/Retouch4me_Eyes_Bundle_Demo_Installer.pkg","windows-demo-link":"https:\/\/retouch4.me\/retouch4me_downloads_demo\/Retouch4me_Eyes_Bundle_Demo.exe","subtitle-features":"Por que escolher o Retouch4me","video-title":"Assista \u00e0 revis\u00e3o do plugin Retouch4me Eye Vessels","product-video-link-ru":"https:\/\/www.youtube.com\/watch?v=9zagPRB0FA4","product-video-link-en":"https:\/\/www.youtube.com\/watch?v=TmC0xKM8Evo","product-features":[{"header":"Olhar limpo","short-description":"O Retouch4me Eye Vessels detecta automaticamente a \u00e1rea dos olhos na foto e retoca, removendo os vasos sangu\u00edneos e a vermelhid\u00e3o.","before-image-1":479,"before-image-2":483,"after-image-1":478,"after-image-2":482},{"header":"Preserva\u00e7\u00e3o do volume e forma","short-description":"Ao retocar os olhos, a forma original e a cor natural s\u00e3o preservadas. Tente fazer o mesmo manualmente e veja se consegue obter o mesmo resultado que o plugin!","before-image-1":477,"before-image-2":485,"after-image-1":476,"after-image-2":484},{"header":"Resultado com apenas um clique","short-description":"O Retouch4me Eye Vessels economiza at\u00e9 10 minutos no retoque dos olhos de uma \u00fanica foto! Apenas imagine quanto tempo voc\u00ea gastaria se precisasse processar dezenas de fotos!","before-image-1":480,"before-image-2":487,"after-image-1":481,"after-image-2":486}],"demo-title":"Eye Vessels Demonstra\u00e7\u00e3o","metatags":{"title":"Retouch4me Eye Vessels \u2014 um plugin baseado em redes neurais para retoque dos olhos","description":"Retoque dos olhos com redes neurais"}},"_links":{"self":[{"href":"https:\/\/rmecms.hz.labs.retouch4.me\/pt\/wp-json\/wp\/v2\/pages\/474","targetHints":{"allow":["GET"]}}],"collection":[{"href":"https:\/\/rmecms.hz.labs.retouch4.me\/pt\/wp-json\/wp\/v2\/pages"}],"about":[{"href":"https:\/\/rmecms.hz.labs.retouch4.me\/pt\/wp-json\/wp\/v2\/types\/page"}],"author":[{"embeddable":true,"href":"https:\/\/rmecms.hz.labs.retouch4.me\/pt\/wp-json\/wp\/v2\/users\/1"}],"replies":[{"embeddable":true,"href":"https:\/\/rmecms.hz.labs.retouch4.me\/pt\/wp-json\/wp\/v2\/comments?post=474"}],"version-history":[{"count":28,"href":"https:\/\/rmecms.hz.labs.retouch4.me\/pt\/wp-json\/wp\/v2\/pages\/474\/revisions"}],"predecessor-version":[{"id":1523,"href":"https:\/\/rmecms.hz.labs.retouch4.me\/pt\/wp-json\/wp\/v2\/pages\/474\/revisions\/1523"}],"up":[{"embeddable":true,"href":"https:\/\/rmecms.hz.labs.retouch4.me\/pt\/wp-json\/wp\/v2\/pages\/76"}],"wp:attachment":[{"href":"https:\/\/rmecms.hz.labs.retouch4.me\/pt\/wp-json\/wp\/v2\/media?parent=474"}],"curies":[{"name":"wp","href":"https:\/\/api.w.org\/{rel}","templated":true}]}}