{"id":455,"date":"2023-08-01T13:31:18","date_gmt":"2023-08-01T10:31:18","guid":{"rendered":"https:\/\/retouch4me.oxem.dev\/ru\/?page_id=455"},"modified":"2023-08-31T11:08:09","modified_gmt":"2023-08-31T08:08:09","slug":"dodgeburn","status":"publish","type":"page","link":"https:\/\/rmecms.hz.labs.retouch4.me\/pt\/services\/dodgeburn\/","title":{"rendered":"Dodge&#038;Burn"},"content":{"rendered":"","protected":false},"excerpt":{"rendered":"","protected":false},"author":1,"featured_media":0,"parent":76,"menu_order":0,"comment_status":"closed","ping_status":"closed","template":"","meta":{"footnotes":""},"class_list":["post-455","page","type-page","status-publish","hentry","entry"],"acf":{"title":"Dodge&Burn. Retoque de alta qualidade","product-name":"Dodge&Burn","description-for-index":"O plugin suaviza \u00e1reas problem\u00e1ticas da pele, como sulcos nasolabiais, bolsas sob os olhos, irregularidades na pele, veias nas m\u00e3os e pernas, sombras indesejadas e bloqueios que atrapalham a percep\u00e7\u00e3o do retrato.","price":"$149","buy-link":"https:\/\/retouch4.me\/productstore.php?productid=102","buy-link-text":"Comprar $149","product-image":457,"product-short-description":"O Retouch4me Dodge&Burn retoca automaticamente retratos, clareando e escurecendo \u00e1reas da foto, assim como os retocadores de alta qualidade fazem.","mac-demo-link":"https:\/\/retouch4.me\/retouch4me_downloads_demo\/Retouch4me_Dodge_Burn_Demo_Installer.pkg","windows-demo-link":"https:\/\/retouch4.me\/retouch4me_downloads_demo\/Retouch4me_Dodge_Burn_Demo.exe","subtitle-features":"Por que escolher o Retouch4me","video-title":"Assista \u00e0 revis\u00e3o do plugin Retouch4me Dodge&Burn","product-video-link-ru":"https:\/\/www.youtube.com\/watch?v=q4F734Ee6do","product-video-link-en":"https:\/\/www.youtube.com\/watch?v=ItoIgly_CT0","product-features":[{"header":"Retoque de alta qualidade","short-description":"O Retouch4me Dodge&Burn retoca automaticamente retratos, clareando e escurecendo \u00e1reas da foto, assim como os retocadores de alta qualidade fazem.","before-image-1":459,"before-image-2":461,"after-image-1":458,"after-image-2":460},{"header":"Resultado do retoque em forma de camada Soft Light","short-description":"O Retouch4me Dodge&Burn pode criar uma camada Soft Light para um processo de edi\u00e7\u00e3o completamente n\u00e3o destrutivo.","before-image-1":464,"before-image-2":465,"after-image-1":462,"after-image-2":463},{"header":"Excelente resultado com apenas um clique","short-description":"O Retouch4me Dodge&Burn economiza seu tempo gasto em retoques de fotos. Apenas imagine quanto tempo voc\u00ea gastaria para obter o mesmo resultado com retoque manual!","before-image-1":467,"before-image-2":469,"after-image-1":466,"after-image-2":468}],"demo-title":"Dodge&Burn Demonstra\u00e7\u00e3o","metatags":{"title":"Retouch4me Dodge&Burn \u2014 um plugin baseado em redes neurais para retoques de alta qualidade","description":"Um plugin baseado em redes neurais para retoques de alta qualidade"}},"_links":{"self":[{"href":"https:\/\/rmecms.hz.labs.retouch4.me\/pt\/wp-json\/wp\/v2\/pages\/455","targetHints":{"allow":["GET"]}}],"collection":[{"href":"https:\/\/rmecms.hz.labs.retouch4.me\/pt\/wp-json\/wp\/v2\/pages"}],"about":[{"href":"https:\/\/rmecms.hz.labs.retouch4.me\/pt\/wp-json\/wp\/v2\/types\/page"}],"author":[{"embeddable":true,"href":"https:\/\/rmecms.hz.labs.retouch4.me\/pt\/wp-json\/wp\/v2\/users\/1"}],"replies":[{"embeddable":true,"href":"https:\/\/rmecms.hz.labs.retouch4.me\/pt\/wp-json\/wp\/v2\/comments?post=455"}],"version-history":[{"count":32,"href":"https:\/\/rmecms.hz.labs.retouch4.me\/pt\/wp-json\/wp\/v2\/pages\/455\/revisions"}],"predecessor-version":[{"id":1544,"href":"https:\/\/rmecms.hz.labs.retouch4.me\/pt\/wp-json\/wp\/v2\/pages\/455\/revisions\/1544"}],"up":[{"embeddable":true,"href":"https:\/\/rmecms.hz.labs.retouch4.me\/pt\/wp-json\/wp\/v2\/pages\/76"}],"wp:attachment":[{"href":"https:\/\/rmecms.hz.labs.retouch4.me\/pt\/wp-json\/wp\/v2\/media?parent=455"}],"curies":[{"name":"wp","href":"https:\/\/api.w.org\/{rel}","templated":true}]}}