{"id":423,"date":"2023-07-19T13:25:22","date_gmt":"2023-07-19T10:25:22","guid":{"rendered":"https:\/\/retouch4me.oxem.dev\/ru\/?page_id=423"},"modified":"2023-08-16T14:01:34","modified_gmt":"2023-08-16T11:01:34","slug":"tutorials","status":"publish","type":"page","link":"https:\/\/rmecms.hz.labs.retouch4.me\/pt\/tutorials\/","title":{"rendered":"Como isso funciona"},"content":{"rendered":"","protected":false},"excerpt":{"rendered":"","protected":false},"author":1,"featured_media":0,"parent":0,"menu_order":0,"comment_status":"closed","ping_status":"closed","template":"","meta":{"footnotes":""},"class_list":["post-423","page","type-page","status-publish","hentry","entry"],"acf":{"top-section":{"subtitle":"Plugins de IA para retoque autom\u00e1tico","title":"V\u00eddeo tutoriais sobre o uso dos plugins Retouch4me.","description":"\u00c9 simples - voc\u00ea carrega as fotos, clica no bot\u00e3o e obt\u00e9m o resultado. O retoque \u00e9 feito pela intelig\u00eancia artificial. Voc\u00ea pode experimentar gratuitamente qualquer plugin baixando a vers\u00e3o demo."},"videos-section":{"watch-1":"Ver em lista","watch-2":"Ver pr\u00e9via","video-list":[{"name":"Installation and registration of Retouch4me Heal","video-link":"https:\/\/www.youtube.com\/watch?v=fUlMJwMQDRk"},{"name":"Using Retouch4me Heal in Photoshop, Lightroom and Capture One","video-link":"https:\/\/www.youtube.com\/watch?v=glC93oLFAeY"},{"name":"Batch processing","video-link":"https:\/\/www.youtube.com\/watch?v=vTFXd8-G9IE"},{"name":"Retouch4me Heal: working on serious skin problems","video-link":"https:\/\/www.youtube.com\/watch?v=H3IQKMOxepg"},{"name":"Retouch4me Heal: WILL FRECKLES SURVIVE?","video-link":"https:\/\/www.youtube.com\/watch?v=VYjCPIlyK3k"},{"name":"Retouch4me Dodge&Burn: retouching plugin based on neural network","video-link":"https:\/\/www.youtube.com\/watch?v=ItoIgly_CT0"},{"name":"RAW batch retouching in Retouch4me plugins","video-link":"https:\/\/www.youtube.com\/watch?v=ZiCf9OrnxeI"},{"name":"Retouch4me Eye Vessels: retouch based on neural network","video-link":"https:\/\/www.youtube.com\/watch?v=XhVIPi23eOg"},{"name":"Retouch4me Eye Vessels: FULL REVIEW","video-link":"https:\/\/www.youtube.com\/watch?v=TmC0xKM8Evo"},{"name":"Retouch4me Portrait Volumes: retouch based on neural network","video-link":"https:\/\/www.youtube.com\/watch?v=8l-7vb6Ltao"},{"name":"Retouch4me Portrait Volumes: FULL REVIEW","video-link":"https:\/\/www.youtube.com\/watch?v=a5QKssogbTQ"},{"name":"Retouch4me: retouching with the plugins and fast grading with LUTs!","video-link":"https:\/\/www.youtube.com\/watch?v=Ni_fUiwqbxU"},{"name":"Retouch4me: Dark Skin Retouching","video-link":"https:\/\/www.youtube.com\/watch?v=hY6RokrjnL0"},{"name":"Retouch4me: HOW TO RETOUCH GRADUATION PORTRAITS","video-link":"https:\/\/www.youtube.com\/watch?v=BTk-isojngM"},{"name":"Retouch4me Clean Backdrop: retouch based on neural network for perfectly clean studio backgrounds","video-link":"https:\/\/www.youtube.com\/watch?v=TYSdxfjmNZ4"},{"name":"Retouch4me Clean Backdrop: Batch Processing RAW files","video-link":"https:\/\/www.youtube.com\/watch?v=Ot3seETZc-o"},{"name":"Retouch4me Clean Backdrop: short promo","video-link":"https:\/\/www.youtube.com\/watch?v=6Xy5-Wxxa8E"},{"name":"Retouch4me Clean Backdrop: FULL REVIEW","video-link":"https:\/\/www.youtube.com\/watch?v=uA_HHVxfPVw"},{"name":"Retouch4me Skin Tone: RAW BATCH PROCESSING","video-link":"https:\/\/www.youtube.com\/watch?v=D26j77Wyd5U"},{"name":"Retouch4me: retouching EVENT PHOTOGRAPHY","video-link":"https:\/\/www.youtube.com\/watch?v=fEUXHtc1td4"},{"name":"Retouch4me White Teeth: FOR A PERFECT SMILE","video-link":"https:\/\/www.youtube.com\/watch?v=GsINnO9THPg"},{"name":"Retouch4me Fabric: retouching based on neural networks","video-link":"https:\/\/www.youtube.com\/watch?v=4iWWVe-dB-8"},{"name":"Retouch4me Eye Brilliance: eyes retouching based on neural networks","video-link":"https:\/\/www.youtube.com\/watch?v=kDcz6G-BqFE"}]},"metatags":{"title":"V\u00eddeo tutoriais - assista e aprenda como usar os plugins baseados em redes neurais Retouch4me","description":"Veja e aprenda como usar os plugins baseados em redes neurais Retouch4me"}},"_links":{"self":[{"href":"https:\/\/rmecms.hz.labs.retouch4.me\/pt\/wp-json\/wp\/v2\/pages\/423","targetHints":{"allow":["GET"]}}],"collection":[{"href":"https:\/\/rmecms.hz.labs.retouch4.me\/pt\/wp-json\/wp\/v2\/pages"}],"about":[{"href":"https:\/\/rmecms.hz.labs.retouch4.me\/pt\/wp-json\/wp\/v2\/types\/page"}],"author":[{"embeddable":true,"href":"https:\/\/rmecms.hz.labs.retouch4.me\/pt\/wp-json\/wp\/v2\/users\/1"}],"replies":[{"embeddable":true,"href":"https:\/\/rmecms.hz.labs.retouch4.me\/pt\/wp-json\/wp\/v2\/comments?post=423"}],"version-history":[{"count":9,"href":"https:\/\/rmecms.hz.labs.retouch4.me\/pt\/wp-json\/wp\/v2\/pages\/423\/revisions"}],"predecessor-version":[{"id":1282,"href":"https:\/\/rmecms.hz.labs.retouch4.me\/pt\/wp-json\/wp\/v2\/pages\/423\/revisions\/1282"}],"wp:attachment":[{"href":"https:\/\/rmecms.hz.labs.retouch4.me\/pt\/wp-json\/wp\/v2\/media?parent=423"}],"curies":[{"name":"wp","href":"https:\/\/api.w.org\/{rel}","templated":true}]}}