{"id":41,"date":"2023-07-12T12:53:48","date_gmt":"2023-07-12T09:53:48","guid":{"rendered":"https:\/\/retouch4me.oxem.dev\/ru\/?page_id=41"},"modified":"2023-08-28T18:12:48","modified_gmt":"2023-08-28T15:12:48","slug":"heal","status":"publish","type":"page","link":"https:\/\/rmecms.hz.labs.retouch4.me\/pt\/services\/heal\/","title":{"rendered":"Heal"},"content":{"rendered":"","protected":false},"excerpt":{"rendered":"","protected":false},"author":1,"featured_media":0,"parent":76,"menu_order":0,"comment_status":"closed","ping_status":"closed","template":"","meta":{"footnotes":""},"class_list":["post-41","page","type-page","status-publish","hentry","entry"],"acf":{"title":"Heal. Corre\u00e7\u00e3o de pequenos defeitos na pele","product-name":"Heal","description-for-index":"O plugin corrige pequenos defeitos na pele, como acne, manchas, poros dilatados no rosto, etc.","price":"$124","buy-link":"https:\/\/retouch4.me\/productstore.php?productid=101","buy-link-text":"Comprar $124","product-image":45,"product-short-description":"O Retouch4me Heal reconhece automaticamente as \u00e1reas da pele e as retoca.","mac-demo-link":"https:\/\/retouch4.me\/retouch4me_downloads_demo\/Retouch4me_Heal_Demo_Installer.pkg","windows-demo-link":"https:\/\/retouch4.me\/retouch4me_downloads_demo\/Retouch4me_Heal_Demo.exe","subtitle-features":"Por que escolher o Retouch4me","video-title":"Assista \u00e0 revis\u00e3o do plugin Retouch4me Heal","product-video-link-ru":"https:\/\/www.youtube.com\/watch?v=6hieGuaJhwk","product-video-link-en":"https:\/\/www.youtube.com\/watch?v=o1Au0QF_-Jk","product-features":[{"header":"Destaque autom\u00e1tico da pele","short-description":"Retouch4me Heal - um plugin baseado em redes neurais que reconhece automaticamente \u00e1reas da pele em fotos e as retoca.","before-image-1":46,"before-image-2":47,"after-image-1":50,"after-image-2":51},{"header":"Preserva\u00e7\u00e3o da textura da pele","short-description":"O Retouch4me Heal n\u00e3o substitui a pele original por uma artificial. Ele preserva a textura natural da pele, o que \u00e9 ideal para retoques profissionais.","before-image-1":54,"before-image-2":53,"after-image-1":56,"after-image-2":55},{"header":"Resultado com apenas um clique","short-description":"N\u00e3o \u00e9 mais necess\u00e1rio retocar cada mancha no rosto separadamente. Basta pressionar um \u00fanico bot\u00e3o e obter o resultado desejado.","before-image-1":90,"before-image-2":92,"after-image-1":89,"after-image-2":91}],"demo-title":"Heal Demonstra\u00e7\u00e3o","metatags":{"title":"Retouch4me Heal \u2014 um plugin baseado em redes neurais para remover pequenos defeitos na pele","description":"Um plugin baseado em redes neurais para remover pequenos defeitos na pele"}},"_links":{"self":[{"href":"https:\/\/rmecms.hz.labs.retouch4.me\/pt\/wp-json\/wp\/v2\/pages\/41","targetHints":{"allow":["GET"]}}],"collection":[{"href":"https:\/\/rmecms.hz.labs.retouch4.me\/pt\/wp-json\/wp\/v2\/pages"}],"about":[{"href":"https:\/\/rmecms.hz.labs.retouch4.me\/pt\/wp-json\/wp\/v2\/types\/page"}],"author":[{"embeddable":true,"href":"https:\/\/rmecms.hz.labs.retouch4.me\/pt\/wp-json\/wp\/v2\/users\/1"}],"replies":[{"embeddable":true,"href":"https:\/\/rmecms.hz.labs.retouch4.me\/pt\/wp-json\/wp\/v2\/comments?post=41"}],"version-history":[{"count":36,"href":"https:\/\/rmecms.hz.labs.retouch4.me\/pt\/wp-json\/wp\/v2\/pages\/41\/revisions"}],"predecessor-version":[{"id":1525,"href":"https:\/\/rmecms.hz.labs.retouch4.me\/pt\/wp-json\/wp\/v2\/pages\/41\/revisions\/1525"}],"up":[{"embeddable":true,"href":"https:\/\/rmecms.hz.labs.retouch4.me\/pt\/wp-json\/wp\/v2\/pages\/76"}],"wp:attachment":[{"href":"https:\/\/rmecms.hz.labs.retouch4.me\/pt\/wp-json\/wp\/v2\/media?parent=41"}],"curies":[{"name":"wp","href":"https:\/\/api.w.org\/{rel}","templated":true}]}}