{"id":208,"date":"2023-07-13T12:46:55","date_gmt":"2023-07-13T09:46:55","guid":{"rendered":"https:\/\/retouch4me.oxem.dev\/ru\/?page_id=208"},"modified":"2023-08-22T13:21:37","modified_gmt":"2023-08-22T10:21:37","slug":"retouch4mepanel","status":"publish","type":"page","link":"https:\/\/rmecms.hz.labs.retouch4.me\/pt\/free-services\/retouch4mepanel\/","title":{"rendered":"Photoshop Panel"},"content":{"rendered":"","protected":false},"excerpt":{"rendered":"","protected":false},"author":1,"featured_media":0,"parent":206,"menu_order":0,"comment_status":"closed","ping_status":"closed","template":"","meta":{"footnotes":""},"class_list":["post-208","page","type-page","status-publish","hentry","entry"],"acf":{"top-section":{"image":801,"title":"Painel Retouch4me para Photoshop","description":"Criamos um painel para o Photoshop\r\npara que voc\u00ea possa acessar seus plugins Retouch4me em um s\u00f3 lugar! Experimente agora mesmo!\r\n\u00c9 gratuito!","button-text":"Baixe o Painel Retouch4me","button-link":"https:\/\/retouch4.me\/productstore.php?productid=300"},"video-review-section":{"subtitle":"Por que Retouch4me","title":"Confira uma r\u00e1pida vis\u00e3o geral do painel de retoque Retouch4me.","video-link-ru":"https:\/\/www.youtube.com\/watch?v=cRL5Gp7qpV4","video-link-en":"https:\/\/www.youtube.com\/watch?v=TzKs5wM9SkY"},"features-section":{"title":"Benef\u00edcios de usar o painel Retouch4me","features-list":[{"title":"Economia de tempo","icon":802,"description":"A edi\u00e7\u00e3o ser\u00e1 pelo menos 5 vezes mais r\u00e1pida ao usar todos os plugins juntos."},{"title":"Conveni\u00eancia","icon":804,"description":"Voc\u00ea pode aplicar qualquer plugin sem precisar acessar o menu \"Filtros\". Basta selecionar o plugin e clicar em EXECUTAR!"},{"title":"Qualidade","icon":803,"description":"Todos os resultados de retoque ser\u00e3o salvos em camadas separadas. Isso permite ajustar cada camada conforme necess\u00e1rio, mantendo a imagem original intacta."},{"title":"Fluxo de trabalho","icon":805,"description":"Voc\u00ea n\u00e3o precisa se preocupar com a ordem de uso dos plugins. O painel aplica os plugins da melhor forma poss\u00edvel com base em sua sele\u00e7\u00e3o."},{"title":"\u00c9 gratuito","icon":806,"description":"Basta instal\u00e1-lo e us\u00e1-lo!"}]},"faq-section":{"title":"Instalando e usando o painel Retouch4me","questions-answers":[{"question":"Como instalar o painel de retoque Retouch4me?","answer":"<span class=\"bold\">Observe que sua vers\u00e3o do Photoshop deve ser a 23.2 ou superior.<\/span>\r\n1.Fa\u00e7a o download e clique duas vezes no arquivo. O aplicativo Creative Cloud ser\u00e1 iniciado e solicitar\u00e1 sua permiss\u00e3o para instalar o painel.\r\n2. Na janela que se abre, clique em \"Instalar no computador\" e, em seguida, clique em \"OK\".\r\nParab\u00e9ns, o painel est\u00e1 instalado!"},{"question":"Onde encontrar o painel Retouch4me no Photoshop?","answer":"<ul>\r\n<li>Inicie o Photoshop. V\u00e1 para o menu Plugins > Plugins Panel. Uma janela com os pain\u00e9is instalados ser\u00e1 aberta.<\/li>\r\n<li>Inicie o painel Retouch4me e arraste-o para qualquer lugar conveniente para voc\u00ea.<\/li>\r\n<\/ul>"},{"question":"Como usar o painel de retoque Retouch4me?","answer":"<ul>\r\n<li>Clique no nome do plugin para ativ\u00e1-lo. Uma nova camada com o retoque ser\u00e1 criada.<\/li>\r\n<li>Se voc\u00ea deseja selecionar v\u00e1rios plugins, marque-os com marca de sele\u00e7\u00e3o e clique em EXECUTAR.<\/li>\r\n<\/ul>"},{"question":"Por que sou redirecionado para o site ap\u00f3s ativar o retoque no painel Retouch4me?","answer":"Se voc\u00ea selecionar um plugin no painel Retouch4me que n\u00e3o est\u00e1 instalado, o painel o redirecionar\u00e1 para o site oficial retouch4.me para comprar esse plugin."},{"question":"Por que o retoque n\u00e3o \u00e9 aplicado ap\u00f3s ativar o plugin?","answer":"Observe que antes de usar os plugins no painel Retouch4me, voc\u00ea deve registr\u00e1-los.\r\n<span class=\"bold\">Windows:<\/span> Se voc\u00ea registrou os plugins como aplicativos separados, n\u00e3o \u00e9 necess\u00e1rio registr\u00e1-los novamente no Photoshop.\r\n<span class=\"bold\">macOS:<\/span> Os plugins Retouch4me requerem registro separado no Photoshop. Para fazer isso, inicie cada plugin individualmente, clique no bot\u00e3o Registrar e siga o processo de registro."}]},"metatags":{"title":"Retouch4me Photoshop Panel - painel para acesso r\u00e1pido aos plugins de retoque autom\u00e1tico Retouch4me","description":"Um painel para o Photoshop para acessar rapidamente os plugins de retoque autom\u00e1tico Retouch4me"}},"_links":{"self":[{"href":"https:\/\/rmecms.hz.labs.retouch4.me\/pt\/wp-json\/wp\/v2\/pages\/208","targetHints":{"allow":["GET"]}}],"collection":[{"href":"https:\/\/rmecms.hz.labs.retouch4.me\/pt\/wp-json\/wp\/v2\/pages"}],"about":[{"href":"https:\/\/rmecms.hz.labs.retouch4.me\/pt\/wp-json\/wp\/v2\/types\/page"}],"author":[{"embeddable":true,"href":"https:\/\/rmecms.hz.labs.retouch4.me\/pt\/wp-json\/wp\/v2\/users\/1"}],"replies":[{"embeddable":true,"href":"https:\/\/rmecms.hz.labs.retouch4.me\/pt\/wp-json\/wp\/v2\/comments?post=208"}],"version-history":[{"count":18,"href":"https:\/\/rmecms.hz.labs.retouch4.me\/pt\/wp-json\/wp\/v2\/pages\/208\/revisions"}],"predecessor-version":[{"id":1403,"href":"https:\/\/rmecms.hz.labs.retouch4.me\/pt\/wp-json\/wp\/v2\/pages\/208\/revisions\/1403"}],"up":[{"embeddable":true,"href":"https:\/\/rmecms.hz.labs.retouch4.me\/pt\/wp-json\/wp\/v2\/pages\/206"}],"wp:attachment":[{"href":"https:\/\/rmecms.hz.labs.retouch4.me\/pt\/wp-json\/wp\/v2\/media?parent=208"}],"curies":[{"name":"wp","href":"https:\/\/api.w.org\/{rel}","templated":true}]}}