{"id":183,"date":"2023-07-12T18:32:37","date_gmt":"2023-07-12T15:32:37","guid":{"rendered":"https:\/\/retouch4me.oxem.dev\/ru\/?page_id=183"},"modified":"2023-08-22T13:14:56","modified_gmt":"2023-08-22T10:14:56","slug":"healvideoplugin","status":"publish","type":"page","link":"https:\/\/rmecms.hz.labs.retouch4.me\/pt\/retush-video\/healvideoplugin\/","title":{"rendered":"Heal OFX"},"content":{"rendered":"","protected":false},"excerpt":{"rendered":"","protected":false},"author":1,"featured_media":0,"parent":405,"menu_order":0,"comment_status":"closed","ping_status":"closed","template":"","meta":{"footnotes":""},"class_list":["post-183","page","type-page","status-publish","hentry","entry"],"acf":{"main-section":{"header":"Retouch4me Heal OFX \u00e9 um plugin","description":"Este \u00e9 o primeiro plugin de IA da Retouch4me para v\u00eddeo. Deixe seu e-mail para ser um dos primeiros a receber um desconto!","input-form":{"placeholder":"Seu e-mail","submit-button-text":"Enviar","submit-action":"#","success-text":"Obrigado! Por favor, confirme sua inscri\u00e7\u00e3o clicando no link do e-mail!","error-empty":"Campo n\u00e3o preenchido","error-format":"Por favor insira um endere\u00e7o de e-mail v\u00e1lido"},"video":"https:\/\/retouch4.me\/video\/videoheal.mp4"},"text-above-review":"Por que escolher o Retouch4me","subtitle-above-review":"Confira a an\u00e1lise do plugin de v\u00eddeo Retouch4me Heal OFX!","product-video-link-ru":"https:\/\/www.youtube.com\/watch?v=kXE0UHUoao4","product-video-link-en":"https:\/\/www.youtube.com\/watch?v=kXE0UHUoao4","metatags":{"title":"Retouch4me Heal OFX \u00e9 um plugin de v\u00eddeo baseado em redes neurais para remo\u00e7\u00e3o de pequenas imperfei\u00e7\u00f5es na pele!","description":"OFX \u00e9 um formato de plugin de v\u00eddeo baseado em redes neurais para eliminar pequenas imperfei\u00e7\u00f5es na pele"}},"_links":{"self":[{"href":"https:\/\/rmecms.hz.labs.retouch4.me\/pt\/wp-json\/wp\/v2\/pages\/183","targetHints":{"allow":["GET"]}}],"collection":[{"href":"https:\/\/rmecms.hz.labs.retouch4.me\/pt\/wp-json\/wp\/v2\/pages"}],"about":[{"href":"https:\/\/rmecms.hz.labs.retouch4.me\/pt\/wp-json\/wp\/v2\/types\/page"}],"author":[{"embeddable":true,"href":"https:\/\/rmecms.hz.labs.retouch4.me\/pt\/wp-json\/wp\/v2\/users\/1"}],"replies":[{"embeddable":true,"href":"https:\/\/rmecms.hz.labs.retouch4.me\/pt\/wp-json\/wp\/v2\/comments?post=183"}],"version-history":[{"count":23,"href":"https:\/\/rmecms.hz.labs.retouch4.me\/pt\/wp-json\/wp\/v2\/pages\/183\/revisions"}],"predecessor-version":[{"id":1394,"href":"https:\/\/rmecms.hz.labs.retouch4.me\/pt\/wp-json\/wp\/v2\/pages\/183\/revisions\/1394"}],"up":[{"embeddable":true,"href":"https:\/\/rmecms.hz.labs.retouch4.me\/pt\/wp-json\/wp\/v2\/pages\/405"}],"wp:attachment":[{"href":"https:\/\/rmecms.hz.labs.retouch4.me\/pt\/wp-json\/wp\/v2\/media?parent=183"}],"curies":[{"name":"wp","href":"https:\/\/api.w.org\/{rel}","templated":true}]}}