{"id":1441,"date":"2023-08-22T14:46:28","date_gmt":"2023-08-22T11:46:28","guid":{"rendered":"https:\/\/retouch4me.oxem.dev\/ru\/?page_id=1441"},"modified":"2023-08-30T19:01:26","modified_gmt":"2023-08-30T16:01:26","slug":"colormatch","status":"publish","type":"page","link":"https:\/\/rmecms.hz.labs.retouch4.me\/pt\/services\/colormatch\/","title":{"rendered":"Color Match"},"content":{"rendered":"","protected":false},"excerpt":{"rendered":"","protected":false},"author":1,"featured_media":0,"parent":76,"menu_order":0,"comment_status":"closed","ping_status":"closed","template":"","meta":{"footnotes":""},"class_list":["post-1441","page","type-page","status-publish","hentry","entry"],"acf":{"title":"Color Match. Combina as cores das suas fotografias com aquelas que voc\u00ea gosta.","product-name":"Color Match","description-for-index":"Corresponder e estilizar cores, criar LUTs","price":"$124","buy-link":"https:\/\/retouch4.me\/productstore.php?productid=118","buy-link-text":"Comprar $124","product-image":1452,"product-short-description":"Liberte a sua criatividade com o Retouch4me Color Match. Extraia cores de qualquer imagem e aplique-as \u00e0s suas fotos. Voc\u00ea pode exportar o resultado final como um LUT para usar tanto na fotografia quanto na edi\u00e7\u00e3o de v\u00eddeos.","mac-demo-link":"https:\/\/retouch4.me\/retouch4me_downloads_demo\/Retouch4me_Color_Match_Demo_Installer.pkg","windows-demo-link":"https:\/\/retouch4.me\/retouch4me_downloads_demo\/Retouch4me_Color_Match_Demo.exe","subtitle-features":"Por que escolher o Retouch4me","video-title":"Assista \u00c0 Revis\u00e3o Do Plugin Retouch4me Color Match","product-video-link-ru":"https:\/\/www.youtube.com\/watch?v=3Rxmk8cuW8w","product-video-link-en":"https:\/\/www.youtube.com\/watch?v=tookg3trAqk","product-features":[{"title":"Aplique a sua colora\u00e7\u00e3o favorita \u00e0s suas fotos","description":"Se voc\u00ea possui imagens de refer\u00eancia que adora, simplesmente carregue-as no Retouch4me Color Match. Essa ferramenta incr\u00edvel pode transformar sua pr\u00f3pria foto para ter a mesma vibra\u00e7\u00e3o e apar\u00eancia.","photos-left":[{"name":"Original","photo":1461},{"name":"Ref 1","photo":1467},{"name":"Ref 2","photo":1468},{"name":"Ref 3","photo":1465}],"photos-right":[{"photo":1456},{"photo":1454},{"photo":1453},{"photo":1455}]},{"title":"Estilizar e organizar as cores","description":"Utilize o Retouch4me Color Match para organizar a paleta de cores nas suas fotografias. Utilize qualquer imagem que goste para alcan\u00e7ar o efeito desejado!","photos-left":[{"name":"Original","photo":1476},{"name":"Ref 1","photo":1475},{"name":"Ref 2","photo":1474},{"name":"Ref 3","photo":1473}],"photos-right":[{"photo":1466},{"photo":1464},{"photo":1462},{"photo":1463}]},{"title":"Acesse a LUT Cloud e crie suas pr\u00f3prias LUTs","description":"O Retouch4me Color Match oferece acesso \u00e0 LUT Cloud, uma biblioteca online de filtros de cores prontos para usar. Voc\u00ea pode usar filtros gratuitos ou comprar pacotes premium. Al\u00e9m disso, com o Color Match, voc\u00ea pode criar suas pr\u00f3prias LUTs que podem ser usadas tanto no Photoshop quanto em editores de v\u00eddeo para a corre\u00e7\u00e3o de cor de v\u00eddeos!","photos-left":[{"name":"Original","photo":1472},{"name":"Style 13","photo":1471},{"name":"MW114 BW","photo":1469},{"name":"Style 14","photo":1470}],"photos-right":[{"photo":1460},{"photo":1457},{"photo":1459},{"photo":1458}]}],"demo-title":"Color Match Demonstra\u00e7\u00e3o","metatags":{"title":"Retouch4me Color Match para igualar as cores das suas fotos com as que voc\u00ea gosta!","description":"Plugin de retoque baseado em IA que reconhece os tons de uma imagem de refer\u00eancia e os aplica \u00e0s fotos."}},"_links":{"self":[{"href":"https:\/\/rmecms.hz.labs.retouch4.me\/pt\/wp-json\/wp\/v2\/pages\/1441","targetHints":{"allow":["GET"]}}],"collection":[{"href":"https:\/\/rmecms.hz.labs.retouch4.me\/pt\/wp-json\/wp\/v2\/pages"}],"about":[{"href":"https:\/\/rmecms.hz.labs.retouch4.me\/pt\/wp-json\/wp\/v2\/types\/page"}],"author":[{"embeddable":true,"href":"https:\/\/rmecms.hz.labs.retouch4.me\/pt\/wp-json\/wp\/v2\/users\/1"}],"replies":[{"embeddable":true,"href":"https:\/\/rmecms.hz.labs.retouch4.me\/pt\/wp-json\/wp\/v2\/comments?post=1441"}],"version-history":[{"count":13,"href":"https:\/\/rmecms.hz.labs.retouch4.me\/pt\/wp-json\/wp\/v2\/pages\/1441\/revisions"}],"predecessor-version":[{"id":1536,"href":"https:\/\/rmecms.hz.labs.retouch4.me\/pt\/wp-json\/wp\/v2\/pages\/1441\/revisions\/1536"}],"up":[{"embeddable":true,"href":"https:\/\/rmecms.hz.labs.retouch4.me\/pt\/wp-json\/wp\/v2\/pages\/76"}],"wp:attachment":[{"href":"https:\/\/rmecms.hz.labs.retouch4.me\/pt\/wp-json\/wp\/v2\/media?parent=1441"}],"curies":[{"name":"wp","href":"https:\/\/api.w.org\/{rel}","templated":true}]}}