{"id":114,"date":"2023-07-12T16:27:14","date_gmt":"2023-07-12T13:27:14","guid":{"rendered":"https:\/\/retouch4me.oxem.dev\/ru\/?page_id=114"},"modified":"2023-08-28T18:00:40","modified_gmt":"2023-08-28T15:00:40","slug":"home","status":"publish","type":"page","link":"https:\/\/rmecms.hz.labs.retouch4.me\/pt\/","title":{"rendered":"Lar"},"content":{"rendered":"","protected":false},"excerpt":{"rendered":"","protected":false},"author":1,"featured_media":0,"parent":0,"menu_order":0,"comment_status":"closed","ping_status":"closed","template":"","meta":{"footnotes":""},"class_list":["post-114","page","type-page","status-publish","hentry","entry"],"acf":{"images-carousel":[{"image":366,"image-text":"Retouch4me: retocado com rede neural"},{"image":367,"image-text":"Retouch4me: retocado com rede neural"},{"image":368,"image-text":"Retouch4me: retocado com rede neural"}],"plugins-section":{"subtitle":"Escolha o que \u00e9 adequado para voc\u00ea","title":"Nossos mais recentes plugins baseados em redes neurais","popup_windows":"Baixar para <span class=\"popup-bold\">Windows<\/span>","popup_macos":"Baixar para <span class=\"popup-bold\">MacOS<\/span>"},"features-section":{"text-before-title-of-features":"Por que Retouch4me","title-of-features":"Nossos plugins foram treinados para trabalhar exatamente como um retocador profissional trabalha com imagens.","features":[{"title":"Configura\u00e7\u00f5es flex\u00edveis e interface conveniente","description":"Cansado de interfaces complicadas e volumosas? Com os plug-ins Retouch4me, voc\u00ea n\u00e3o vai mais perder horas extras aprendendo a interface. Os plug-ins permitir\u00e3o que voc\u00ea aumente sua efici\u00eancia em 20-30%.","image":369,"scroll-image-behavior":"scroll","bg-color":"#f7f7fc","action-button":true,"button":"Escolha os plugins","button-link":"https:\/\/retouch4.me\/productstore.php"},{"title":"Trabalhe com camadas e mantenha o arquivo original intacto","description":"Entendemos o qu\u00e3o importante \u00e9 preservar os arquivos originais intactos. Portanto, cuidamos disso. Voc\u00ea pode ajustar as configura\u00e7\u00f5es e voltar ao arquivo original a qualquer momento sem perder dados.","image":370,"scroll-image-behavior":"fill","bg-color":"#141414","action-button":false,"button":"Escolha os plugins","button-link":"https:\/\/retouch4.me\/productstore.php?lng=en"}]},"advantages-section":{"text-before-title-of-advantages":"Vantagens","title-of-advantages":"Por que os fot\u00f3grafos usam os plugins Retouch4me","advantages":[{"title":"Trabalho extremamente delicado","description":"Os plugins preservam a textura original da pele. A foto permanece natural.","icon":371},{"title":"Resultado com um \u00fanico clique","description":"\u00c9 simples - voc\u00ea carrega as fotos, clica em um bot\u00e3o e obt\u00e9m o resultado.","icon":374},{"title":"N\u00e3o requer acesso \u00e0 internet","description":"Os plugins funcionam de forma independente no seu computador local.","icon":376},{"title":"Processamento mais r\u00e1pido, clientes mais felizes","description":"Os plug-ins reduzem o tempo de processamento das fotos em v\u00e1rias vezes.","icon":372},{"title":"Confidencialidade total preservada","description":"As fotos de seus clientes n\u00e3o s\u00e3o enviadas para a nuvem, n\u00e3o \u00e9 necess\u00e1rio carreg\u00e1-las em um servidor remoto.","icon":373},{"title":"Processamento em lote","description":"Suas fotos s\u00e3o processadas enquanto voc\u00ea lida com outras tarefas.","icon":375}]},"faq-section":{"title-of-faq":"Entendemos suas preocupa\u00e7\u00f5es.","faq-photographer":[{"answer-before":"Eu n\u00e3o entendo como retocar fotos profissionalmente.","answer-after":"Os plugins Retouch4me executam todas as opera\u00e7\u00f5es automaticamente, sem comprometer a qualidade. Posso ter tranquilidade em rela\u00e7\u00e3o ao resultado, sem ter que gastar meses aprendendo."},{"answer-before":"A retocagem consome uma enorme quantidade de tempo.","answer-after":"A retocagem se tornou pelo menos tr\u00eas vezes mais r\u00e1pida. Voc\u00ea pode retocar um ensaio de casamento durante a noite. Basta usar o plug-in e iniciar o processamento em lote, e depois ir dormir. At\u00e9 de manh\u00e3, tudo estar\u00e1 retocado."},{"answer-before":"Eu n\u00e3o sei por onde come\u00e7ar a aprender sobre retocagem.","answer-after":"N\u00e3o se preocupe! Ao observar o processo de trabalho do sistema de aprendizado profundo integrado e as capacidades de desempenho dos plug-ins, voc\u00ea aprender\u00e1 como retocar fotos."},{"answer-before":"Eu n\u00e3o consigo encontrar um retocador profissional e tenho medo de que ele fa\u00e7a um trabalho pior do que eu.","answer-after":"O Retouch4me pode se tornar seu principal assistente. A intelig\u00eancia artificial far\u00e1 a maior parte do trabalho por voc\u00ea."}],"faq-retoucher":[{"answer-before":"Eu n\u00e3o entendo qual servi\u00e7o de retocagem \u00e9 melhor.","answer-after":"Tudo o que voc\u00ea precisa para a retocagem estar\u00e1 em um s\u00f3 lugar. N\u00e3o ser\u00e1 mais necess\u00e1rio procurar servi\u00e7os de retocagem na internet."},{"answer-before":"Constantemente ter que aprender a usar novos softwares consome muito tempo e energia.","answer-after":"Os plugins s\u00e3o f\u00e1ceis de usar. Voc\u00ea n\u00e3o vai perder tempo tentando entender como us\u00e1-los."},{"answer-before":"A retocagem consome muito tempo.","answer-after":"Voc\u00ea economizar\u00e1 dezenas de horas todos os meses, deixando mais tempo para buscar novos clientes."},{"answer-before":"Eu n\u00e3o entendo como processar fotos como um profissional.","answer-after":"Ao observar o processo de intelig\u00eancia artificial, voc\u00ea aprender\u00e1 o fluxo de trabalho da retocagem profissional e poder\u00e1 criar obras-primas por conta pr\u00f3pria."}],"photographer-text":"Eu sou um fot\u00f3grafo","retoucher-text":"Eu sou um retocador","before-text":"Antes","after-text":"Depois"},"calculator-section":{"text-before-title-of-calculator":"Calcule por si mesmo","title-of-calculator":"Quanto tempo voc\u00ea pode economizar usando nossos plugins?","calculator":{"title-number-of-photos":"Quantas fotos voc\u00ea processa por m\u00eas?","number-of-photos-min":0,"number-of-photos-max":10000,"title-processing-time":"Quanto tempo voc\u00ea gasta para retocar uma \u00fanica foto?","processing-time-min":1,"processing-time-max":100,"result-text":{"nominative-singular":"Horas","genitive-singular":"Horas","genitive-plural":"Horas"},"description":"\u2014 voc\u00ea gasta em retoques. Libere esse tempo para a sua vida usando os plugins Retouch4me para processamento em lote.\r\nAcelere o processo de retoque quadro a quadro em pelo menos tr\u00eas vezes com os plugins Retouch4me.","unit-1":"Quantidade.","unit-2":"Minutos"}},"try-section":{"title":"Experimente gratuitamente, compre para sempre","description":"Experimente nossos plugins e veja como eles funcionam.","try-button":"Selecionar plugins","try-button-link":"https:\/\/retouch4.me\/productstore.php"},"metatags":{"title":"Retouch4me \u2014 plugins de retoque neural para Photoshop","description":"Retouch4me \u2014 plugins para Photoshop para retoque baseado em intelig\u00eancia artificial"}},"_links":{"self":[{"href":"https:\/\/rmecms.hz.labs.retouch4.me\/pt\/wp-json\/wp\/v2\/pages\/114","targetHints":{"allow":["GET"]}}],"collection":[{"href":"https:\/\/rmecms.hz.labs.retouch4.me\/pt\/wp-json\/wp\/v2\/pages"}],"about":[{"href":"https:\/\/rmecms.hz.labs.retouch4.me\/pt\/wp-json\/wp\/v2\/types\/page"}],"author":[{"embeddable":true,"href":"https:\/\/rmecms.hz.labs.retouch4.me\/pt\/wp-json\/wp\/v2\/users\/1"}],"replies":[{"embeddable":true,"href":"https:\/\/rmecms.hz.labs.retouch4.me\/pt\/wp-json\/wp\/v2\/comments?post=114"}],"version-history":[{"count":27,"href":"https:\/\/rmecms.hz.labs.retouch4.me\/pt\/wp-json\/wp\/v2\/pages\/114\/revisions"}],"predecessor-version":[{"id":1490,"href":"https:\/\/rmecms.hz.labs.retouch4.me\/pt\/wp-json\/wp\/v2\/pages\/114\/revisions\/1490"}],"wp:attachment":[{"href":"https:\/\/rmecms.hz.labs.retouch4.me\/pt\/wp-json\/wp\/v2\/media?parent=114"}],"curies":[{"name":"wp","href":"https:\/\/api.w.org\/{rel}","templated":true}]}}